{"id":1038,"date":"2024-04-17T15:52:18","date_gmt":"2024-04-17T13:52:18","guid":{"rendered":"https:\/\/seniorshop.se\/?page_id=174"},"modified":"2025-08-21T14:00:11","modified_gmt":"2025-08-21T12:00:11","slug":"om-seniorshop","status":"publish","type":"page","link":"https:\/\/seniorshop.se\/distrikt-4\/om-seniorshop\/","title":{"rendered":"Om SeniorShop"},"content":{"rendered":"\n<div class=\"wp-block-cover alignfull is-light has-custom-content-position is-position-bottom-left\" style=\"padding-top:var(--wp--preset--spacing--50);padding-right:0;padding-bottom:var(--wp--preset--spacing--50);padding-left:0;min-height:30vw;aspect-ratio:unset;\"><span aria-hidden=\"true\" class=\"wp-block-cover__background has-background-dim-0 has-background-dim\" style=\"background-color:#91959d\"><\/span><img decoding=\"async\" width=\"2560\" height=\"1440\" src=\"https:\/\/seniorshop.se\/app\/uploads\/sites\/10\/2025\/08\/seniorshop_sverige-scaled-1.jpg\" class=\"wp-block-cover__image-background wp-post-image\" alt=\"\" data-object-fit=\"cover\" data-object-position=\"52% 38%\" style=\"object-position:52% 38%;\" srcset=\"https:\/\/seniorshop.se\/app\/uploads\/sites\/10\/2025\/08\/seniorshop_sverige-scaled-1.jpg 2560w, https:\/\/seniorshop.se\/app\/uploads\/sites\/10\/2025\/08\/seniorshop_sverige-scaled-1-300x169.jpg 300w, https:\/\/seniorshop.se\/app\/uploads\/sites\/10\/2025\/08\/seniorshop_sverige-scaled-1-1024x576.jpg 1024w, https:\/\/seniorshop.se\/app\/uploads\/sites\/10\/2025\/08\/seniorshop_sverige-scaled-1-768x432.jpg 768w, https:\/\/seniorshop.se\/app\/uploads\/sites\/10\/2025\/08\/seniorshop_sverige-scaled-1-1536x864.jpg 1536w, https:\/\/seniorshop.se\/app\/uploads\/sites\/10\/2025\/08\/seniorshop_sverige-scaled-1-2048x1152.jpg 2048w, https:\/\/seniorshop.se\/app\/uploads\/sites\/10\/2025\/08\/seniorshop_sverige-scaled-1-600x338.jpg 600w\" sizes=\"(max-width: 2560px) 100vw, 2560px\" \/><div class=\"wp-block-cover__inner-container is-layout-flow wp-container-core-cover-is-layout-58c4def5 wp-block-cover-is-layout-flow\">\n<div class=\"wp-block-group has-primary-background-color has-background has-global-padding is-layout-constrained wp-container-core-group-is-layout-40d00946 wp-block-group-is-layout-constrained\" style=\"padding-top:1.5vw;padding-right:3vw;padding-bottom:1.5vw;padding-left:3vw\"><h1 class=\"has-link-color wp-elements-88f0857fdc8bad98dfdc5c16977574b2 wp-block-post-title has-text-color has-white-color\">Om SeniorShop<\/h1>\n\n\n<p class=\"has-white-color has-text-color has-link-color has-large-font-size wp-elements-f37d9f658c2a7fdfb0f6f0eaa1071c3e\">\u200bSveriges SeniorShop AB \u00e4r ett svenskt franchisef\u00f6retag.<\/p>\n<\/div>\n<\/div><\/div>\n\n\n\n<div class=\"wp-block-group alignfull has-global-padding is-layout-constrained wp-block-group-is-layout-constrained\">\n<h2 class=\"wp-block-heading\">Aff\u00e4rsid\u00e9n \u00e4r \u201dButiken som kommer till kunden\u201d.<\/h2>\n\n\n\n<p>Vi s\u00e4ljer kl\u00e4der till seniorer genom att bes\u00f6ka olika typer av f\u00f6reningar, tr\u00e4ffpunkter och alla former av boende f\u00f6r \u00e4ldre. V\u00e4l p\u00e5 plats rullar vi in en komplett butik med \u00f6ver 1 500 plagg f\u00f6r direktf\u00f6rs\u00e4ljning.<\/p>\n\n\n\n<p>Verksamheten startades 1996 med en testverksamhet i Helsingborg och \u00e5ret d\u00e4rp\u00e5 rekryterades de f\u00f6rsta 10 franchisetagarna.<\/p>\n\n\n\n<p>\u200bIdag har vi drygt 30 franchisetagare och \u00e4r helt\u00e4ckande i Sverige, Norge och Finland. Vi forts\u00e4tter expansionen till \u00f6vriga Europa.<\/p>\n\n\n\n<p>Den utl\u00e4ndska verksamheten drivs genom samarbetsavtal med Masterfranchisetagare.<\/p>\n\n\n\n<p>V\u00e5r starka tillv\u00e4xt visar att det finns m\u00e5nga som vill handla kl\u00e4der p\u00e5 ett enkelt och bekv\u00e4mt s\u00e4tt.<\/p>\n<\/div>\n\n\n\n<div class=\"wp-block-group alignfull has-global-padding is-layout-constrained wp-block-group-is-layout-constrained\">\n<div class=\"wp-block-media-text has-media-on-the-right is-stacked-on-mobile is-vertically-aligned-top is-image-fill-element is-style-soft-corner\" style=\"padding-top:0;padding-bottom:0;grid-template-columns:auto 33%\"><div class=\"wp-block-media-text__content\">\n<h2 class=\"wp-block-heading\">Butiken som kommer till kunden<\/h2>\n\n\n\n<p>SeniorShop \u00e4r den unika butiken som kommer till kunden. I v\u00e5ra sk\u00e5pbilar har vi en komplett butik med \u00f6ver 1 500 plagg f\u00f6r direktf\u00f6rs\u00e4ljning. I Sverige bes\u00f6ker vi n\u00e4rmare 2 000 olika f\u00f6reningar och alla typer av \u00e4ldreboenden.&nbsp;<\/p>\n\n\n\n<p>Vi rullar in 6 stora kl\u00e4dst\u00e4llningar i er lokal och det blir en butik med \u00f6ver 20 l\u00f6pmeter kl\u00e4der. Vid \u00f6nskem\u00e5l arrangerar vi ocks\u00e5 modevisning.<\/p>\n<\/div><figure class=\"wp-block-media-text__media\"><img decoding=\"async\" src=\"https:\/\/seniorshop.se\/app\/uploads\/2024\/10\/bilen_1-1024x576.jpg\" alt=\"\" class=\"wp-image-3653 size-full\" style=\"object-position:50% 50%\"\/><\/figure><\/div>\n<\/div>\n\n\n\n<div class=\"wp-block-group alignfull has-global-padding is-layout-constrained wp-block-group-is-layout-constrained\">\n<div class=\"wp-block-media-text is-stacked-on-mobile is-vertically-aligned-top is-image-fill-element is-style-soft-corner\" style=\"padding-top:0;padding-bottom:0;grid-template-columns:33% auto\"><figure class=\"wp-block-media-text__media\"><img decoding=\"async\" src=\"https:\/\/seniorshop.se\/app\/uploads\/2024\/10\/bilen_open_2-1024x819.jpg\" alt=\"\" class=\"wp-image-3658 size-full\" style=\"object-position:50% 50%\"\/><\/figure><div class=\"wp-block-media-text__content\">\n<h2 class=\"wp-block-heading\">En rullande kvalitetsbutik<\/h2>\n\n\n\n<p>SeniorShop \u00e4r butiken p\u00e5 hjul. \u00c4nd\u00e5 \u00e4r v\u00e5rt sortiment n\u00e4stan komplett och utvalt med st\u00f6rsta omsorg i fr\u00e5ga om mode, kombinationsm\u00f6jlighet, kvalitet och modeller.<\/p>\n\n\n\n<p>F\u00f6r damerna finns kl\u00e4nningar och tv\u00e5delat, kjolar och byxor, blusar och toppar, m\u00e5nga varianter av stickat, ett litet urval av ytterplagg, samt strumpor och underkl\u00e4der.<\/p>\n\n\n\n<p>F\u00f6r damerna har vi storlekar fr\u00e5n 36-52, samt C- och D-storlekar f\u00f6r b\u00e5de damer och herrar.<\/p>\n<\/div><\/div>\n<\/div>\n\n\n\n<div class=\"wp-block-group alignfull has-global-padding is-layout-constrained wp-block-group-is-layout-constrained\">\n<div class=\"wp-block-media-text has-media-on-the-right is-stacked-on-mobile is-vertically-aligned-top is-image-fill-element is-style-soft-corner\" style=\"padding-top:0;padding-bottom:0;grid-template-columns:auto 33%\"><div class=\"wp-block-media-text__content\">\n<h2 class=\"wp-block-heading\">De b\u00e4sta leverant\u00f6rerna<\/h2>\n\n\n\n<p>SeniorShop har ett unikt sortiment, som k\u00e4nnetecknas av att det \u00e4r l\u00e4ttsk\u00f6tta kl\u00e4der med god passform, samtidigt som de har ett klassiskt modernt snitt.<\/p>\n\n\n\n<p>Vi g\u00f6r v\u00e5ra ink\u00f6p hos k\u00e4nda svenska, danska, finska och tyska leverant\u00f6rer, som vi vet kan uppfylla v\u00e5ra krav.<\/p>\n<\/div><figure class=\"wp-block-media-text__media\"><img decoding=\"async\" src=\"https:\/\/seniorshop.se\/app\/uploads\/2024\/08\/IMG_3191.jpg\" alt=\"\" class=\"wp-image-1325 size-full\" style=\"object-position:48% 14%\"\/><\/figure><\/div>\n<\/div>\n\n\n\n<div class=\"wp-block-group alignfull has-light-background-color has-background has-global-padding is-layout-constrained wp-block-group-is-layout-constrained\">\n<h2 class=\"wp-block-heading has-text-align-center\">Ring s\u00e5 kommer vi<\/h2>\n\n\n\n<p>Ring och boka ett bes\u00f6k av n\u00e5gon av v\u00e5ra s\u00e4ljare, men var ute i god tid, annars \u00e4r risken stor att vi \u00e4r fullbokade. Hitta ditt distrikt som ligger n\u00e4rmast dig och kontakta ansvarig s\u00e4ljare.<\/p>\n\n\n\n<div class=\"dropdown-wrapper\">\n    <div class=\"dropdown\">\n    <button class=\"btn district-btn btn-secondary dropdown-toggle\" type=\"button\" data-bs-toggle=\"dropdown\" aria-expanded=\"false\">\n        V\u00e4lj distrikt        <\/button>\n        <div class=\"dropdown-menu\" aria-labelledby=\"dropdownMenuButton\">\n                    <\/div>\n    <\/div>\n<\/div>\n<\/div>\n","protected":false},"excerpt":{"rendered":"<p>Aff\u00e4rsid\u00e9n \u00e4r \u201dButiken som kommer till kunden\u201d. Vi s\u00e4ljer kl\u00e4der till seniorer genom att bes\u00f6ka olika typer av f\u00f6reningar, tr\u00e4ffpunkter och alla former av boende f\u00f6r \u00e4ldre. V\u00e4l p\u00e5 plats rullar vi in en komplett butik med \u00f6ver 1 500 plagg f\u00f6r direktf\u00f6rs\u00e4ljning. Verksamheten startades 1996 med en testverksamhet i Helsingborg och \u00e5ret d\u00e4rp\u00e5 rekryterades [&hellip;]<\/p>\n","protected":false},"author":1,"featured_media":1484,"parent":0,"menu_order":0,"comment_status":"closed","ping_status":"closed","template":"","meta":{"_acf_changed":false,"footnotes":""},"class_list":["post-1038","page","type-page","status-publish","has-post-thumbnail","hentry"],"acf":[],"_links":{"self":[{"href":"https:\/\/seniorshop.se\/distrikt-4\/wp-json\/wp\/v2\/pages\/1038","targetHints":{"allow":["GET"]}}],"collection":[{"href":"https:\/\/seniorshop.se\/distrikt-4\/wp-json\/wp\/v2\/pages"}],"about":[{"href":"https:\/\/seniorshop.se\/distrikt-4\/wp-json\/wp\/v2\/types\/page"}],"author":[{"embeddable":true,"href":"https:\/\/seniorshop.se\/distrikt-4\/wp-json\/wp\/v2\/users\/1"}],"replies":[{"embeddable":true,"href":"https:\/\/seniorshop.se\/distrikt-4\/wp-json\/wp\/v2\/comments?post=1038"}],"version-history":[{"count":1,"href":"https:\/\/seniorshop.se\/distrikt-4\/wp-json\/wp\/v2\/pages\/1038\/revisions"}],"predecessor-version":[{"id":1040,"href":"https:\/\/seniorshop.se\/distrikt-4\/wp-json\/wp\/v2\/pages\/1038\/revisions\/1040"}],"wp:featuredmedia":[{"embeddable":true,"href":"https:\/\/seniorshop.se\/distrikt-4\/wp-json\/wp\/v2\/media\/1484"}],"wp:attachment":[{"href":"https:\/\/seniorshop.se\/distrikt-4\/wp-json\/wp\/v2\/media?parent=1038"}],"curies":[{"name":"wp","href":"https:\/\/api.w.org\/{rel}","templated":true}]}}